{"id":2,"date":"2021-05-04T13:21:16","date_gmt":"2021-05-04T13:21:16","guid":{"rendered":"http:\/\/www.hestelogik.dk\/?page_id=2"},"modified":"2024-08-12T12:52:37","modified_gmt":"2024-08-12T12:52:37","slug":"sample-page","status":"publish","type":"page","link":"https:\/\/www.hestelogik.dk\/","title":{"rendered":""},"content":{"rendered":"<div class=\"wp-block-image\">\n<figure class=\"aligncenter size-full is-resized\"><img loading=\"lazy\" decoding=\"async\" width=\"655\" height=\"654\" src=\"https:\/\/www.hestelogik.dk\/wp-content\/uploads\/2022\/03\/Aldente1-1.jpg\" alt=\"\" class=\"wp-image-35\" style=\"width:188px;height:188px\" srcset=\"https:\/\/www.hestelogik.dk\/wp-content\/uploads\/2022\/03\/Aldente1-1.jpg 655w, https:\/\/www.hestelogik.dk\/wp-content\/uploads\/2022\/03\/Aldente1-1-300x300.jpg 300w, https:\/\/www.hestelogik.dk\/wp-content\/uploads\/2022\/03\/Aldente1-1-150x150.jpg 150w\" sizes=\"auto, (max-width: 655px) 100vw, 655px\" \/><\/figure>\n<\/div>\n\n\n<h1 class=\"wp-block-heading alignfull has-text-align-center\">Velkommen til HESTELOGIK<\/h1>\n\n\n<div class=\"wp-block-image is-style-rounded\">\n<figure class=\"aligncenter size-large is-resized\"><img loading=\"lazy\" decoding=\"async\" width=\"1024\" height=\"1024\" src=\"http:\/\/www.hestelogik.dk\/wp-content\/uploads\/2022\/03\/Kvadrat-1024x1024.jpeg\" alt=\"\" class=\"wp-image-20\" style=\"width:450px;height:450px\" srcset=\"https:\/\/www.hestelogik.dk\/wp-content\/uploads\/2022\/03\/Kvadrat-1024x1024.jpeg 1024w, https:\/\/www.hestelogik.dk\/wp-content\/uploads\/2022\/03\/Kvadrat-300x300.jpeg 300w, https:\/\/www.hestelogik.dk\/wp-content\/uploads\/2022\/03\/Kvadrat-150x150.jpeg 150w, https:\/\/www.hestelogik.dk\/wp-content\/uploads\/2022\/03\/Kvadrat-768x768.jpeg 768w, https:\/\/www.hestelogik.dk\/wp-content\/uploads\/2022\/03\/Kvadrat-1536x1536.jpeg 1536w, https:\/\/www.hestelogik.dk\/wp-content\/uploads\/2022\/03\/Kvadrat-2048x2048.jpeg 2048w\" sizes=\"auto, (max-width: 1024px) 100vw, 1024px\" \/><\/figure>\n<\/div>\n\n\n<h2 class=\"wp-block-heading alignfull has-text-align-center\">Om mig<\/h2>\n\n\n\n<p class=\"has-text-align-left has-white-background-color has-background\">Jeg hedder Helle Nygaard, og jeg underviser i ridning og hestetr\u00e6ning.<br><br>Jeg hj\u00e6lper hobbyryttere inden for alle ridediscipliner med at strukturere deres grundtr\u00e6ning, s\u00e5 deres hest l\u00e6rer at bev\u00e6ge sig i fysisk og mental balance for lette hj\u00e6lpere.<br><br>Jeg er uddannet BBH Basisinstrukt\u00f8r, og det betyder, at jeg underviser ud fra viden om hestens fysik og indl\u00e6ring og rytterens mind-set.<br><br>Det betyder ogs\u00e5, at min tilgang til undervisningen m\u00e5ske er anderledes end den, du m\u00f8der hos de fleste andre instrukt\u00f8rer, fordi min tilgang er mere analytisk og vidensbaseret. <br><br>Jeg hj\u00e6lper dig med at skabe et solidt grundfundament i din ridning, og jeg hj\u00e6lper med forst\u00e5 \u00e5rsagen til de udfordringer, der opst\u00e5r, og med at finde holdbare tr\u00e6ningsl\u00f8sninger, hvor resultater og hestevelf\u00e6rd v\u00e6gtes lige h\u00f8jt.<br><br>Det giver f\u00e6rre konflikter i tr\u00e6ningen og st\u00f8rre ridegl\u00e6de for b\u00e5de hest og rytter.<br><br>S\u00e5 hvis du s\u00f8ger undervisning i konfliktfri grundridning og dressur, s\u00e5 er jeg m\u00e5ske den rette instrukt\u00f8r for dig \ud83d\ude42<\/p>\n\n\n\n<p class=\"has-text-align-center has-white-background-color has-background\">De bedste hilsner<br>BBH Basisinstrukt\u00f8r<br>Helle Nygaard<\/p>\n\n\n\n<p><\/p>\n\n\n\n<p><\/p>\n\n\n<div class=\"wp-block-image is-style-rounded\">\n<figure class=\"aligncenter size-large is-resized\"><img loading=\"lazy\" decoding=\"async\" width=\"1024\" height=\"1024\" src=\"https:\/\/www.hestelogik.dk\/wp-content\/uploads\/2022\/03\/image0-5-1024x1024.jpeg\" alt=\"\" class=\"wp-image-64\" style=\"width:300px;height:300px\" srcset=\"https:\/\/www.hestelogik.dk\/wp-content\/uploads\/2022\/03\/image0-5-1024x1024.jpeg 1024w, https:\/\/www.hestelogik.dk\/wp-content\/uploads\/2022\/03\/image0-5-300x300.jpeg 300w, https:\/\/www.hestelogik.dk\/wp-content\/uploads\/2022\/03\/image0-5-150x150.jpeg 150w, https:\/\/www.hestelogik.dk\/wp-content\/uploads\/2022\/03\/image0-5-768x768.jpeg 768w, https:\/\/www.hestelogik.dk\/wp-content\/uploads\/2022\/03\/image0-5-1536x1536.jpeg 1536w, https:\/\/www.hestelogik.dk\/wp-content\/uploads\/2022\/03\/image0-5-2048x2048.jpeg 2048w\" sizes=\"auto, (max-width: 1024px) 100vw, 1024px\" \/><\/figure>\n<\/div>\n\n\n<h2 class=\"wp-block-heading has-text-align-center\">Undervisningen<\/h2>\n\n\n\n<p>Jeg underviser i grundridning, dressur, longering og basistr\u00e6ning fra jorden.<\/p>\n\n\n\n<p>Min mission er at skabe st\u00f8rre hesteforst\u00e5else ved at inspirere dig til at l\u00e6re teorien bag hestetr\u00e6ning, s\u00e5 du kan blive en bedre tr\u00e6ner for din hest.<\/p>\n\n\n\n<p>Jeg g\u00f8r mig umage for at skabe et trygt og positivt l\u00e6ringsmilj\u00f8 for b\u00e5de hest og rytter. Hos mig er det altid i orden at stille sp\u00f8rgsm\u00e5l eller at f\u00e5 en anden forklaring.<br><br>N\u00e5r du f\u00e5r undervisning hos mig, vil du over tid f\u00e5 opbygget en &#8220;v\u00e6rkt\u00f8jskasse&#8221;, som g\u00f8r dig i stand til at l\u00f8se mange rideudfordringer p\u00e5 egen h\u00e5nd.<br><br>HESTELOGIK udg\u00f8r ca. 20% af min besk\u00e6ftigelse, og jeg arbejder derfor ikke fuld tid med undervisning og hestetr\u00e6ning. Det betyder, at der ind imellem kan v\u00e6re ventetid p\u00e5 at f\u00e5 en plads hos mig, eller at du m\u00e5 v\u00e6re ekstra fleksibel, n\u00e5r vi skal finde en tid til undervisning.<\/p>\n\n\n\n<p><\/p>\n\n\n<div class=\"wp-block-image is-style-rounded\">\n<figure class=\"aligncenter is-resized\"><img loading=\"lazy\" decoding=\"async\" width=\"1024\" height=\"1024\" src=\"http:\/\/www.hestelogik.dk\/wp-content\/uploads\/2022\/03\/IMG_2705-1024x1024.jpg\" alt=\"\" class=\"wp-image-18\" style=\"width:300px;height:300px\" srcset=\"https:\/\/www.hestelogik.dk\/wp-content\/uploads\/2022\/03\/IMG_2705-1024x1024.jpg 1024w, https:\/\/www.hestelogik.dk\/wp-content\/uploads\/2022\/03\/IMG_2705-300x300.jpg 300w, https:\/\/www.hestelogik.dk\/wp-content\/uploads\/2022\/03\/IMG_2705-150x150.jpg 150w, https:\/\/www.hestelogik.dk\/wp-content\/uploads\/2022\/03\/IMG_2705-768x768.jpg 768w, https:\/\/www.hestelogik.dk\/wp-content\/uploads\/2022\/03\/IMG_2705.jpg 1125w\" sizes=\"auto, (max-width: 1024px) 100vw, 1024px\" \/><\/figure>\n<\/div>\n\n\n<figure class=\"wp-block-pullquote alignfull\"><blockquote><p>\u201cJeg har f\u00e5et en pony, der nu er glad og tryg i ridningen &#8211; og dressuren er blevet sjovere for mig, fordi jeg tydeligt kan m\u00e6rke, n\u00e5r mit arbejde lykkes\u201d<\/p><cite>Jasmin, Ikast<\/cite><\/blockquote><\/figure>\n\n\n\n<h2 class=\"wp-block-heading alignfull has-text-align-center\">Mine v\u00e6rdier<\/h2>\n\n\n\n<p class=\"has-text-align-center\">De vigtigste grundv\u00e6rdier i min ridning og tr\u00e6ning med hestene er&#8230;<br><br><strong>Mental balance og mindst mulig stress gennem god signalforst\u00e5else og et trygt l\u00e6ringsmilj\u00f8<\/strong><br><br><strong>Fysisk balance, sund bev\u00e6gelse og selvb\u00e6ring for lette hj\u00e6lpere<\/strong><br><br><strong>Ridegl\u00e6de og udvikling for hest og rytter<\/strong><br><\/p>\n\n\n<div class=\"wp-block-image is-style-rounded\">\n<figure class=\"aligncenter size-full is-resized\"><img loading=\"lazy\" decoding=\"async\" width=\"968\" height=\"968\" src=\"http:\/\/www.hestelogik.dk\/wp-content\/uploads\/2022\/03\/IMG_1588.jpg\" alt=\"\" class=\"wp-image-95\" style=\"width:300px;height:300px\" srcset=\"https:\/\/www.hestelogik.dk\/wp-content\/uploads\/2022\/03\/IMG_1588.jpg 968w, https:\/\/www.hestelogik.dk\/wp-content\/uploads\/2022\/03\/IMG_1588-300x300.jpg 300w, https:\/\/www.hestelogik.dk\/wp-content\/uploads\/2022\/03\/IMG_1588-150x150.jpg 150w, https:\/\/www.hestelogik.dk\/wp-content\/uploads\/2022\/03\/IMG_1588-768x768.jpg 768w\" sizes=\"auto, (max-width: 968px) 100vw, 968px\" \/><\/figure>\n<\/div>\n\n\n<h2 class=\"wp-block-heading has-text-align-center\">Jeg kan v\u00e6re den rette for dig, hvis&#8230;<\/h2>\n\n\n\n<p class=\"has-text-align-center\">&#8211; Du \u00f8nsker et ukompliceret og konfliktfrit samarbejde med din hest<br>&#8211; Du \u00f8nsker en selvg\u00e5ende hest, der reagerer for lette hj\u00e6lpere<br>&#8211; Du gerne vil tr\u00e6ne din hest st\u00e6rk og sund i sin krop<br>&#8211; Du ved, at det kr\u00e6ver b\u00e5de tid og indsats at n\u00e5 sine m\u00e5l<br><\/p>\n\n\n\n<figure class=\"wp-block-pullquote alignfull\"><blockquote><p>&#8220;Med Helles hj\u00e6lp har vi f\u00e5et en harmonisk pony og en rytter med mod p\u00e5 fremtiden&#8221;<\/p><cite>&#8211; Dorthe Zeeberg, Sunds<\/cite><\/blockquote><\/figure>\n\n\n\n<h2 class=\"wp-block-heading alignfull has-text-align-center\">Jeg er <strong>ikke<\/strong> den rette for dig, hvis&#8230;<\/h2>\n\n\n\n<p class=\"has-text-align-center\">&#8230;du \u00f8nsker hj\u00e6lp til en hest med voldsom eller farlig adf\u00e6rd<br>&#8230;du s\u00f8ger hj\u00e6lp til trailertr\u00e6ning<br>&#8230;du leder efter et quick-fix til dine udfordringer<br>&#8230;du gerne vil finde den hurtige vej til &#8220;toppen&#8221;<br>&#8230;du v\u00e6gter resultater og rosetter h\u00f8jere end hestevelf\u00e6rd<br>&#8230;du ikke er klar til at investere i samarbejdet med din hest<\/p>\n\n\n\n<h2 class=\"wp-block-heading has-text-align-center\">Omr\u00e5de<\/h2>\n\n\n\n<p class=\"has-text-align-center\">Jeg k\u00f8rer ud fra Ikast, og jeg k\u00f8rer i en radius p\u00e5 ca. 15 km. Kan du samle minimum 4 elever, s\u00e5 k\u00f8rer jeg gerne l\u00e6ngere.<\/p>\n\n\n<div class=\"wp-block-image is-style-rounded\">\n<figure class=\"aligncenter size-full\"><img loading=\"lazy\" decoding=\"async\" width=\"750\" height=\"382\" src=\"http:\/\/www.hestelogik.dk\/wp-content\/uploads\/2022\/03\/Udklip.jpg\" alt=\"\" class=\"wp-image-79\" srcset=\"https:\/\/www.hestelogik.dk\/wp-content\/uploads\/2022\/03\/Udklip.jpg 750w, https:\/\/www.hestelogik.dk\/wp-content\/uploads\/2022\/03\/Udklip-300x153.jpg 300w\" sizes=\"auto, (max-width: 750px) 100vw, 750px\" \/><\/figure>\n<\/div>\n\n\n<h2 class=\"wp-block-heading has-text-align-center\">Priser<\/h2>\n\n\n\n<p class=\"has-background\" style=\"background-color:#f0efec\"><strong>Undervisning<\/strong><br>F\u00f8rste lektion \/ ny ekvipage (45 minutter) &#8211; <strong>450 kr.<\/strong><br><br>Derefter:<br>45 minutters lektion &#8211; <strong>450 kr.<\/strong><br>30 minutters lektion &#8211; <strong>300 kr.<\/strong> (maks. 3 uger mellem lektionerne)<br><br>Der till\u00e6gges k\u00f8rsel &#8211; <strong>3 kr.\/km. tur\/retur<\/strong><br><br><strong>Rideanalyse<\/strong><br>Analyse-lektion (60-80 minutter) &#8211; <strong>750 kr.<\/strong><br><br>Rideanalysen er for dig, der gerne vil optimere pr\u00e6stationen med din hest.<br><br>Jeg laver en analyse af asymmetrierne i din krop i relation til samspillet mellem hest, sadel og rytter. Jeg ser dig f\u00f8rst p\u00e5 balancem\u00e5tte og evt. balances\u00e6de.  Derefter laver vi rideanalyse p\u00e5 hesten, hvor du bliver filmet med Visualise Training Jacket og mark\u00f8rer p\u00e5 sadel og hest. Vi s\u00e6tter relevante justeringer og \u00f8velser i gang. Du modtager en opsummering af rytteranalysen p\u00e5 mail sammen med billeder og video fra din analyse.<br><br>Rideanalysen kan sj\u00e6ldent st\u00e5 alene, da vi ikke kan igangs\u00e6tte alle korrektioner p\u00e5 en gang. Derfor foresl\u00e5r jeg altid at bruge rideanalysen som en del af et forl\u00f8b, hvor du over tid korrigerer din opstilling, balance og tekniske indvirkning p\u00e5 hesten.<br><br>Der till\u00e6gges k\u00f8rsel &#8211; <strong>3 kr.\/km. tur\/retur<\/strong><br><br><strong>Hestetr\u00e6ning<\/strong><br>30-40 minutters ridning\/tr\u00e6ning (<strong>du<\/strong> sadler op og af) &#8211; <strong>300 kr.<\/strong><br>30-40 minutters ridning\/tr\u00e6ning (<strong>jeg<\/strong> sadler op og af) &#8211; <strong>450 kr.<\/strong><br><br>Ved 2 eller flere tr\u00e6ninger i ugen er prisen hhv. 250 kr. (opsadlet hest) og 400 kr. (jeg sadler op) pr. gang.<br><br>Der till\u00e6gges k\u00f8rsel &#8211; 3 kr.\/km. tur\/retur<br><br>Jeg underviser efter behov, og det betyder, at du ikke beh\u00f8ver at binde dig til en fast ugentlig lektion. Vi kan fx aftale fra gang til gang, eller vi kan aftale et interval p\u00e5 fx 2, 3 eller 4 uger. Ryttere med faste tider har f\u00f8rste prioritet i kalenderen.<\/p>\n\n\n\n<h2 class=\"wp-block-heading alignfull has-text-align-center\">Kontakt<\/h2>\n\n\n\n<p class=\"has-text-align-center\">Lyder jeg til at v\u00e6re det rette match for dig?<br><br>S\u00e5 er du meget velkommen til at kontakte mig \ud83d\ude42<\/p>\n\n\n\n<p class=\"has-text-align-center\"><strong>Telefon\/sms<\/strong> &#8211; 5084 4450<br><strong>E-mail<\/strong> &#8211; hestelogik@gmail.com<br><strong>Facebook<\/strong> &#8211; facebook.com\/hestelogik<\/p>\n\n\n<div class=\"wp-block-image is-style-rounded\">\n<figure class=\"aligncenter size-large is-resized\"><img loading=\"lazy\" decoding=\"async\" width=\"1024\" height=\"1024\" src=\"http:\/\/www.hestelogik.dk\/wp-content\/uploads\/2022\/03\/66F2CF32-9BB4-4BB9-8AC9-C476B2022CAE-1024x1024.jpeg\" alt=\"\" class=\"wp-image-72\" style=\"width:300px;height:300px\" srcset=\"https:\/\/www.hestelogik.dk\/wp-content\/uploads\/2022\/03\/66F2CF32-9BB4-4BB9-8AC9-C476B2022CAE-1024x1024.jpeg 1024w, https:\/\/www.hestelogik.dk\/wp-content\/uploads\/2022\/03\/66F2CF32-9BB4-4BB9-8AC9-C476B2022CAE-300x300.jpeg 300w, https:\/\/www.hestelogik.dk\/wp-content\/uploads\/2022\/03\/66F2CF32-9BB4-4BB9-8AC9-C476B2022CAE-150x150.jpeg 150w, https:\/\/www.hestelogik.dk\/wp-content\/uploads\/2022\/03\/66F2CF32-9BB4-4BB9-8AC9-C476B2022CAE-768x768.jpeg 768w, https:\/\/www.hestelogik.dk\/wp-content\/uploads\/2022\/03\/66F2CF32-9BB4-4BB9-8AC9-C476B2022CAE-1536x1536.jpeg 1536w, https:\/\/www.hestelogik.dk\/wp-content\/uploads\/2022\/03\/66F2CF32-9BB4-4BB9-8AC9-C476B2022CAE-2048x2048.jpeg 2048w\" sizes=\"auto, (max-width: 1024px) 100vw, 1024px\" \/><\/figure>\n<\/div>","protected":false},"excerpt":{"rendered":"<p>Velkommen til HESTELOGIK Om mig Jeg hedder Helle Nygaard, og jeg underviser i ridning og hestetr\u00e6ning. Jeg hj\u00e6lper hobbyryttere inden for alle ridediscipliner med at strukturere deres grundtr\u00e6ning, s\u00e5 deres hest l\u00e6rer at bev\u00e6ge sig i fysisk og mental balance for lette hj\u00e6lpere. Jeg er uddannet BBH Basisinstrukt\u00f8r, og det betyder, at jeg underviser ud [&hellip;]<\/p>\n","protected":false},"author":1,"featured_media":0,"parent":0,"menu_order":0,"comment_status":"closed","ping_status":"open","template":"template-fullwidth.php","meta":{"footnotes":""},"class_list":["post-2","page","type-page","status-publish","hentry"],"_links":{"self":[{"href":"https:\/\/www.hestelogik.dk\/index.php?rest_route=\/wp\/v2\/pages\/2","targetHints":{"allow":["GET"]}}],"collection":[{"href":"https:\/\/www.hestelogik.dk\/index.php?rest_route=\/wp\/v2\/pages"}],"about":[{"href":"https:\/\/www.hestelogik.dk\/index.php?rest_route=\/wp\/v2\/types\/page"}],"author":[{"embeddable":true,"href":"https:\/\/www.hestelogik.dk\/index.php?rest_route=\/wp\/v2\/users\/1"}],"replies":[{"embeddable":true,"href":"https:\/\/www.hestelogik.dk\/index.php?rest_route=%2Fwp%2Fv2%2Fcomments&post=2"}],"version-history":[{"count":98,"href":"https:\/\/www.hestelogik.dk\/index.php?rest_route=\/wp\/v2\/pages\/2\/revisions"}],"predecessor-version":[{"id":162,"href":"https:\/\/www.hestelogik.dk\/index.php?rest_route=\/wp\/v2\/pages\/2\/revisions\/162"}],"wp:attachment":[{"href":"https:\/\/www.hestelogik.dk\/index.php?rest_route=%2Fwp%2Fv2%2Fmedia&parent=2"}],"curies":[{"name":"wp","href":"https:\/\/api.w.org\/{rel}","templated":true}]}}